{"id":719,"date":"2024-11-23T11:35:09","date_gmt":"2024-11-23T11:35:09","guid":{"rendered":"https:\/\/garcialaw.com\/inicio\/"},"modified":"2025-01-28T12:48:37","modified_gmt":"2025-01-28T12:48:37","slug":"inicio","status":"publish","type":"page","link":"https:\/\/garcialaw.com\/es\/","title":{"rendered":"Inicio"},"content":{"rendered":"\t\t<div data-elementor-type=\"wp-page\" data-elementor-id=\"719\" class=\"elementor elementor-719\">\n\t\t\t\t\t\t<section class=\"elementor-section elementor-top-section elementor-element elementor-element-76fe778 elementor-section-boxed elementor-section-height-default elementor-section-height-default\" data-id=\"76fe778\" data-element_type=\"section\" data-e-type=\"section\" data-settings=\"{&quot;background_background&quot;:&quot;classic&quot;}\">\n\t\t\t\t\t\t<div class=\"elementor-container elementor-column-gap-default\">\n\t\t\t\t\t<div class=\"elementor-column elementor-col-50 elementor-top-column elementor-element elementor-element-9e6ffb8\" data-id=\"9e6ffb8\" data-element_type=\"column\" data-e-type=\"column\">\n\t\t\t<div class=\"elementor-widget-wrap elementor-element-populated\">\n\t\t\t\t\t\t<div class=\"elementor-element elementor-element-76cfbb4 elementor-widget elementor-widget-heading\" data-id=\"76cfbb4\" data-element_type=\"widget\" data-e-type=\"widget\" data-widget_type=\"heading.default\">\n\t\t\t\t<div class=\"elementor-widget-container\">\n\t\t\t\t\t<h2 class=\"elementor-heading-title elementor-size-default\">Israel B. Garc\u00eda, Jr. <\/h2>\t\t\t\t<\/div>\n\t\t\t\t<\/div>\n\t\t\t\t<div class=\"elementor-element elementor-element-37bfe1c elementor-widget elementor-widget-heading\" data-id=\"37bfe1c\" data-element_type=\"widget\" data-e-type=\"widget\" data-widget_type=\"heading.default\">\n\t\t\t\t<div class=\"elementor-widget-container\">\n\t\t\t\t\t<h2 class=\"elementor-heading-title elementor-size-default\">Attorney \/ Abogado \n<\/h2>\t\t\t\t<\/div>\n\t\t\t\t<\/div>\n\t\t\t\t<div class=\"elementor-element elementor-element-c327262 elementor-widget elementor-widget-heading\" data-id=\"c327262\" data-element_type=\"widget\" data-e-type=\"widget\" data-widget_type=\"heading.default\">\n\t\t\t\t<div class=\"elementor-widget-container\">\n\t\t\t\t\t<h2 class=\"elementor-heading-title elementor-size-default\">Former Judge<\/h2>\t\t\t\t<\/div>\n\t\t\t\t<\/div>\n\t\t\t\t<div class=\"elementor-element elementor-element-e8afd14 elementor-widget elementor-widget-heading\" data-id=\"e8afd14\" data-element_type=\"widget\" data-e-type=\"widget\" data-widget_type=\"heading.default\">\n\t\t\t\t<div class=\"elementor-widget-container\">\n\t\t\t\t\t<h2 class=\"elementor-heading-title elementor-size-default\"> 2020-2024\n<\/h2>\t\t\t\t<\/div>\n\t\t\t\t<\/div>\n\t\t\t\t<div class=\"elementor-element elementor-element-adc5574 animated-slow elementor-invisible elementor-widget elementor-widget-raven-image\" data-id=\"adc5574\" data-element_type=\"widget\" data-e-type=\"widget\" data-settings=\"{&quot;_animation&quot;:&quot;fadeInUp&quot;}\" data-widget_type=\"raven-image.default\">\n\t\t\t\t<div class=\"elementor-widget-container\">\n\t\t\t\t\t\t\t<div class=\"raven-image\">\n\t\t\n\t\t\n\t\t<img fetchpriority=\"high\" decoding=\"async\" width=\"300\" height=\"300\" src=\"https:\/\/garcialaw.com\/wp-content\/uploads\/2025\/01\/Logo-2025.png\" class=\"elementor-animation-pulse attachment-full size-full wp-image-699\" alt=\"\" srcset=\"https:\/\/garcialaw.com\/wp-content\/uploads\/2025\/01\/Logo-2025.png 300w, https:\/\/garcialaw.com\/wp-content\/uploads\/2025\/01\/Logo-2025-150x150.png 150w\" sizes=\"(max-width: 300px) 100vw, 300px\" \/>\t\t<\/div>\n\t\t\t\t\t\t<\/div>\n\t\t\t\t<\/div>\n\t\t\t\t\t<\/div>\n\t\t<\/div>\n\t\t\t\t<div class=\"elementor-column elementor-col-50 elementor-top-column elementor-element elementor-element-256e60c\" data-id=\"256e60c\" data-element_type=\"column\" data-e-type=\"column\">\n\t\t\t<div class=\"elementor-widget-wrap elementor-element-populated\">\n\t\t\t\t\t\t<div class=\"elementor-element elementor-element-2b0f6f2 animated-slow elementor-invisible elementor-widget elementor-widget-raven-image\" data-id=\"2b0f6f2\" data-element_type=\"widget\" data-e-type=\"widget\" data-settings=\"{&quot;_animation&quot;:&quot;fadeIn&quot;,&quot;_animation_mobile&quot;:&quot;fadeInUp&quot;}\" data-widget_type=\"raven-image.default\">\n\t\t\t\t<div class=\"elementor-widget-container\">\n\t\t\t\t\t\t\t<div class=\"raven-image\">\n\t\t\n\t\t\n\t\t<img decoding=\"async\" width=\"525\" height=\"700\" src=\"https:\/\/garcialaw.com\/wp-content\/uploads\/2025\/01\/Juez.png\" class=\"attachment-full size-full wp-image-700\" alt=\"\" srcset=\"https:\/\/garcialaw.com\/wp-content\/uploads\/2025\/01\/Juez.png 525w, https:\/\/garcialaw.com\/wp-content\/uploads\/2025\/01\/Juez-225x300.png 225w\" sizes=\"(max-width: 525px) 100vw, 525px\" \/>\t\t<\/div>\n\t\t\t\t\t\t<\/div>\n\t\t\t\t<\/div>\n\t\t\t\t\t<\/div>\n\t\t<\/div>\n\t\t\t\t\t<\/div>\n\t\t<\/section>\n\t\t\t\t<section class=\"elementor-section elementor-top-section elementor-element elementor-element-b88238a elementor-section-boxed elementor-section-height-default elementor-section-height-default\" data-id=\"b88238a\" data-element_type=\"section\" data-e-type=\"section\" data-settings=\"{&quot;background_background&quot;:&quot;classic&quot;}\">\n\t\t\t\t\t\t<div class=\"elementor-container elementor-column-gap-default\">\n\t\t\t\t\t<div class=\"elementor-column elementor-col-100 elementor-top-column elementor-element elementor-element-8d79f9b\" data-id=\"8d79f9b\" data-element_type=\"column\" data-e-type=\"column\">\n\t\t\t<div class=\"elementor-widget-wrap elementor-element-populated\">\n\t\t\t\t\t\t<div class=\"elementor-element elementor-element-17fd517 elementor-widget elementor-widget-text-editor\" data-id=\"17fd517\" data-element_type=\"widget\" data-e-type=\"widget\" data-widget_type=\"text-editor.default\">\n\t\t\t\t<div class=\"elementor-widget-container\">\n\t\t\t\t\t\t\t\t\t<p>El abogado Israel B. Garc\u00eda Jr. ha dedicado 32 a\u00f1os de pr\u00e1ctica a aquellos clientes que le han confiado sus problemas legales. Es el fundador y propietario de su propia firma de litigios boutique y representa a empresas en todo tipo de disputas y litigios comerciales. Adem\u00e1s, Israel representa a clientes en casos que involucran colisiones de camiones comerciales, reclamos por lesiones en el lugar de trabajo, asuntos de responsabilidad civil y todo tipo de accidentes automovil\u00edsticos. Sus oficinas tambi\u00e9n representan a personas acusadas de cometer delitos.<\/p><p>El Sr. Garc\u00eda tambi\u00e9n es un aliado impresionante cuando se trata de luchar contra multas de tr\u00e1nsito. Ha representado a cientos de clientes con una amplia gama de infracciones de tr\u00e1nsito con un historial ganador. Desde multas por no usar el cintur\u00f3n de seguridad hasta arrestos por conducir bajo los efectos del alcohol, llame a Israel B. Garc\u00eda, Jr., para resolver cualquier multa de tr\u00e1nsito.<\/p><p>Israel B. Garc\u00eda, Jr., es un defensor agresivo de sus clientes y ha tenido mucho \u00e9xito en los tribunales de todo el estado de Texas. Israel es conocido por analizar bien los casos y presentar argumentos persuasivos y precisos a los jurados y jueces. Debido a esto, tiene la reputaci\u00f3n de ser uno de los abogados m\u00e1s brillantes y confiables del pa\u00eds. Israel B. Garc\u00eda, Jr., es un abogado litigante experimentado que comparece ante jueces y jurados a diario. Est\u00e1 comprometido a brindar a cada cliente el m\u00e1s alto nivel de servicios y asesoramiento legal y es un adversario formidable.<\/p>\t\t\t\t\t\t\t\t<\/div>\n\t\t\t\t<\/div>\n\t\t\t\t<div class=\"elementor-element elementor-element-faab496 elementor-widget elementor-widget-text-editor\" data-id=\"faab496\" data-element_type=\"widget\" data-e-type=\"widget\" data-widget_type=\"text-editor.default\">\n\t\t\t\t<div class=\"elementor-widget-container\">\n\t\t\t\t\t\t\t\t\t<p><strong>Programe su cita hoy mismo en cualquiera de sus dos oficinas. \u00a1Su amable personal est\u00e1 listo para ayudarlo!<\/strong><\/p>\t\t\t\t\t\t\t\t<\/div>\n\t\t\t\t<\/div>\n\t\t\t\t\t<\/div>\n\t\t<\/div>\n\t\t\t\t\t<\/div>\n\t\t<\/section>\n\t\t\t\t<section class=\"elementor-section elementor-top-section elementor-element elementor-element-767d66d elementor-section-boxed elementor-section-height-default elementor-section-height-default\" data-id=\"767d66d\" data-element_type=\"section\" data-e-type=\"section\">\n\t\t\t\t\t\t<div class=\"elementor-container elementor-column-gap-default\">\n\t\t\t\t\t<div class=\"elementor-column elementor-col-33 elementor-top-column elementor-element elementor-element-64baa90\" data-id=\"64baa90\" data-element_type=\"column\" data-e-type=\"column\">\n\t\t\t<div class=\"elementor-widget-wrap elementor-element-populated\">\n\t\t\t\t\t\t<div class=\"elementor-element elementor-element-168ffa3 animated-slow elementor-position-top elementor-invisible elementor-widget elementor-widget-image-box\" data-id=\"168ffa3\" data-element_type=\"widget\" data-e-type=\"widget\" data-settings=\"{&quot;_animation&quot;:&quot;fadeInLeft&quot;}\" data-widget_type=\"image-box.default\">\n\t\t\t\t<div class=\"elementor-widget-container\">\n\t\t\t\t\t<div class=\"elementor-image-box-wrapper\"><figure class=\"elementor-image-box-img\"><a href=\"https:\/\/judgegarciatx.com\/\" tabindex=\"-1\"><img decoding=\"async\" width=\"400\" height=\"500\" src=\"https:\/\/garcialaw.com\/wp-content\/uploads\/2025\/01\/weddings-home-1.jpg\" class=\"elementor-animation-grow attachment-full size-full wp-image-501\" alt=\"\" srcset=\"https:\/\/garcialaw.com\/wp-content\/uploads\/2025\/01\/weddings-home-1.jpg 400w, https:\/\/garcialaw.com\/wp-content\/uploads\/2025\/01\/weddings-home-1-240x300.jpg 240w\" sizes=\"(max-width: 400px) 100vw, 400px\" \/><\/a><\/figure><div class=\"elementor-image-box-content\"><h3 class=\"elementor-image-box-title\"><a href=\"https:\/\/judgegarciatx.com\/\">BODAS<\/a><\/h3><p class=\"elementor-image-box-description\">El juez Garc\u00eda se desempe\u00f1\u00f3 como juez electo desde el 1 de enero de 2021 hasta el 31 de diciembre de 2024. El juez Garc\u00eda est\u00e1 autorizado por la ley de Texas para oficiar bodas.<\/p><\/div><\/div>\t\t\t\t<\/div>\n\t\t\t\t<\/div>\n\t\t\t\t\t<\/div>\n\t\t<\/div>\n\t\t\t\t<div class=\"elementor-column elementor-col-33 elementor-top-column elementor-element elementor-element-68b908b\" data-id=\"68b908b\" data-element_type=\"column\" data-e-type=\"column\">\n\t\t\t<div class=\"elementor-widget-wrap elementor-element-populated\">\n\t\t\t\t\t\t<div class=\"elementor-element elementor-element-a18590b animated-slow elementor-position-top elementor-invisible elementor-widget elementor-widget-image-box\" data-id=\"a18590b\" data-element_type=\"widget\" data-e-type=\"widget\" data-settings=\"{&quot;_animation&quot;:&quot;fadeInUp&quot;}\" data-widget_type=\"image-box.default\">\n\t\t\t\t<div class=\"elementor-widget-container\">\n\t\t\t\t\t<div class=\"elementor-image-box-wrapper\"><figure class=\"elementor-image-box-img\"><a href=\"https:\/\/garcialaw.com\/accidents\/\" tabindex=\"-1\"><img loading=\"lazy\" decoding=\"async\" width=\"400\" height=\"500\" src=\"https:\/\/garcialaw.com\/wp-content\/uploads\/2025\/01\/accidentes-home.jpg\" class=\"elementor-animation-grow attachment-full size-full wp-image-499\" alt=\"\" srcset=\"https:\/\/garcialaw.com\/wp-content\/uploads\/2025\/01\/accidentes-home.jpg 400w, https:\/\/garcialaw.com\/wp-content\/uploads\/2025\/01\/accidentes-home-240x300.jpg 240w\" sizes=\"(max-width: 400px) 100vw, 400px\" \/><\/a><\/figure><div class=\"elementor-image-box-content\"><h3 class=\"elementor-image-box-title\"><a href=\"https:\/\/garcialaw.com\/accidents\/\">ACCIDENTES<\/a><\/h3><p class=\"elementor-image-box-description\">Cuando la negligencia en la carretera, en un centro de atenci\u00f3n m\u00e9dica o en el lugar de trabajo provoca lesiones graves o incluso la muerte, necesita un abogado con experiencia.<\/p><\/div><\/div>\t\t\t\t<\/div>\n\t\t\t\t<\/div>\n\t\t\t\t\t<\/div>\n\t\t<\/div>\n\t\t\t\t<div class=\"elementor-column elementor-col-33 elementor-top-column elementor-element elementor-element-d615cff\" data-id=\"d615cff\" data-element_type=\"column\" data-e-type=\"column\">\n\t\t\t<div class=\"elementor-widget-wrap elementor-element-populated\">\n\t\t\t\t\t\t<div class=\"elementor-element elementor-element-2f8ece2 animated-slow elementor-position-top elementor-invisible elementor-widget elementor-widget-image-box\" data-id=\"2f8ece2\" data-element_type=\"widget\" data-e-type=\"widget\" data-settings=\"{&quot;_animation&quot;:&quot;fadeInRight&quot;}\" data-widget_type=\"image-box.default\">\n\t\t\t\t<div class=\"elementor-widget-container\">\n\t\t\t\t\t<div class=\"elementor-image-box-wrapper\"><figure class=\"elementor-image-box-img\"><a href=\"https:\/\/garcialaw.com\/traffic-tickets\/\" tabindex=\"-1\"><img loading=\"lazy\" decoding=\"async\" width=\"400\" height=\"500\" src=\"https:\/\/garcialaw.com\/wp-content\/uploads\/2025\/01\/tickets-home.jpg\" class=\"elementor-animation-grow attachment-full size-full wp-image-498\" alt=\"\" srcset=\"https:\/\/garcialaw.com\/wp-content\/uploads\/2025\/01\/tickets-home.jpg 400w, https:\/\/garcialaw.com\/wp-content\/uploads\/2025\/01\/tickets-home-240x300.jpg 240w\" sizes=\"(max-width: 400px) 100vw, 400px\" \/><\/a><\/figure><div class=\"elementor-image-box-content\"><h3 class=\"elementor-image-box-title\"><a href=\"https:\/\/garcialaw.com\/traffic-tickets\/\">MULTAS DE TR\u00c1NSITO<\/a><\/h3><p class=\"elementor-image-box-description\">Brindo una representaci\u00f3n excepcional a personas que han recibido multas y citaciones de tr\u00e1nsito en el \u00e1rea de Houston, Texas.<\/p><\/div><\/div>\t\t\t\t<\/div>\n\t\t\t\t<\/div>\n\t\t\t\t\t<\/div>\n\t\t<\/div>\n\t\t\t\t\t<\/div>\n\t\t<\/section>\n\t\t\t\t<section data-speed=\"3s\" data-background-size=\"100% 300%\" data-animation-name=\"AnimatedGradientBgUp\" data-angle=\"0deg\" data-color=\"#FF0000,#740202,#FF0000,#740202\" class=\"elementor-section elementor-top-section elementor-element elementor-element-33973eb6 raven-animated-gradient-yes elementor-section-boxed elementor-section-height-default elementor-section-height-default\" data-id=\"33973eb6\" data-element_type=\"section\" data-e-type=\"section\" data-settings=\"{&quot;background_background&quot;:&quot;classic&quot;}\">\n\t\t\t\t\t\t<div class=\"elementor-container elementor-column-gap-default\">\n\t\t\t\t\t<div class=\"elementor-column elementor-col-100 elementor-top-column elementor-element elementor-element-3ebfa19\" data-id=\"3ebfa19\" data-element_type=\"column\" data-e-type=\"column\">\n\t\t\t<div class=\"elementor-widget-wrap elementor-element-populated\">\n\t\t\t\t\t\t<div class=\"elementor-element elementor-element-39d3c72f elementor-widget elementor-widget-spacer\" data-id=\"39d3c72f\" data-element_type=\"widget\" data-e-type=\"widget\" data-widget_type=\"spacer.default\">\n\t\t\t\t<div class=\"elementor-widget-container\">\n\t\t\t\t\t\t\t<div class=\"elementor-spacer\">\n\t\t\t<div class=\"elementor-spacer-inner\"><\/div>\n\t\t<\/div>\n\t\t\t\t\t\t<\/div>\n\t\t\t\t<\/div>\n\t\t\t\t<div class=\"elementor-element elementor-element-6cbbc7a2 animated-slow elementor-invisible elementor-widget elementor-widget-heading\" data-id=\"6cbbc7a2\" data-element_type=\"widget\" data-e-type=\"widget\" data-settings=\"{&quot;_animation&quot;:&quot;fadeInUp&quot;}\" data-widget_type=\"heading.default\">\n\t\t\t\t<div class=\"elementor-widget-container\">\n\t\t\t\t\t<h2 class=\"elementor-heading-title elementor-size-default\">LLAMA AHORA 281.743.3763<\/h2>\t\t\t\t<\/div>\n\t\t\t\t<\/div>\n\t\t\t\t<div class=\"elementor-element elementor-element-26c8a886 elementor-widget elementor-widget-spacer\" data-id=\"26c8a886\" data-element_type=\"widget\" data-e-type=\"widget\" data-widget_type=\"spacer.default\">\n\t\t\t\t<div class=\"elementor-widget-container\">\n\t\t\t\t\t\t\t<div class=\"elementor-spacer\">\n\t\t\t<div class=\"elementor-spacer-inner\"><\/div>\n\t\t<\/div>\n\t\t\t\t\t\t<\/div>\n\t\t\t\t<\/div>\n\t\t\t\t\t<\/div>\n\t\t<\/div>\n\t\t\t\t\t<\/div>\n\t\t<\/section>\n\t\t\t\t<\/div>\n\t\t","protected":false},"excerpt":{"rendered":"<p>Israel B. Garc\u00eda, Jr. Attorney \/ Abogado Former Judge 2020-2024 El abogado Israel B. Garc\u00eda Jr. ha dedicado 32 a\u00f1os de pr\u00e1ctica a aquellos clientes que le han confiado sus problemas legales. Es el fundador y propietario de su propia firma de litigios boutique y representa a empresas en todo tipo de disputas y litigios [&hellip;]<\/p>\n","protected":false},"author":1,"featured_media":0,"parent":0,"menu_order":0,"comment_status":"closed","ping_status":"closed","template":"elementor_header_footer","meta":{"_acf_changed":false,"footnotes":""},"class_list":["post-719","page","type-page","status-publish","hentry"],"acf":[],"yoast_head":"<!-- This site is optimized with the Yoast SEO plugin v27.4 - https:\/\/yoast.com\/product\/yoast-seo-wordpress\/ -->\n<title>Israel B. Garc\u00eda, Jr. | Abogado | Ex Juez 2020-2024<\/title>\n<meta name=\"robots\" content=\"index, follow, max-snippet:-1, max-image-preview:large, max-video-preview:-1\" \/>\n<link rel=\"canonical\" href=\"https:\/\/garcialaw.com\/es\/\" \/>\n<meta property=\"og:locale\" content=\"es_ES\" \/>\n<meta property=\"og:type\" content=\"article\" \/>\n<meta property=\"og:title\" content=\"Israel B. Garc\u00eda, Jr. | Abogado | Ex Juez 2020-2024\" \/>\n<meta property=\"og:description\" content=\"Israel B. Garc\u00eda, Jr. Attorney \/ Abogado Former Judge 2020-2024 El abogado Israel B. Garc\u00eda Jr. ha dedicado 32 a\u00f1os de pr\u00e1ctica a aquellos clientes que le han confiado sus problemas legales. Es el fundador y propietario de su propia firma de litigios boutique y representa a empresas en todo tipo de disputas y litigios [&hellip;]\" \/>\n<meta property=\"og:url\" content=\"https:\/\/garcialaw.com\/es\/\" \/>\n<meta property=\"og:site_name\" content=\"Israel B. Garc\u00eda, Jr.\" \/>\n<meta property=\"article:modified_time\" content=\"2025-01-28T12:48:37+00:00\" \/>\n<meta property=\"og:image\" content=\"https:\/\/garcialaw.com\/wp-content\/uploads\/2025\/01\/Logo-2025.png\" \/>\n\t<meta property=\"og:image:width\" content=\"300\" \/>\n\t<meta property=\"og:image:height\" content=\"300\" \/>\n\t<meta property=\"og:image:type\" content=\"image\/png\" \/>\n<meta name=\"twitter:card\" content=\"summary_large_image\" \/>\n<meta name=\"twitter:label1\" content=\"Tiempo de lectura\" \/>\n\t<meta name=\"twitter:data1\" content=\"3 minutos\" \/>\n<script type=\"application\/ld+json\" class=\"yoast-schema-graph\">{\"@context\":\"https:\\\/\\\/schema.org\",\"@graph\":[{\"@type\":\"WebPage\",\"@id\":\"https:\\\/\\\/garcialaw.com\\\/es\\\/\",\"url\":\"https:\\\/\\\/garcialaw.com\\\/es\\\/\",\"name\":\"Israel B. Garc\u00eda, Jr. | Abogado | Ex Juez 2020-2024\",\"isPartOf\":{\"@id\":\"https:\\\/\\\/garcialaw.com\\\/#website\"},\"primaryImageOfPage\":{\"@id\":\"https:\\\/\\\/garcialaw.com\\\/es\\\/#primaryimage\"},\"image\":{\"@id\":\"https:\\\/\\\/garcialaw.com\\\/es\\\/#primaryimage\"},\"thumbnailUrl\":\"https:\\\/\\\/garcialaw.com\\\/wp-content\\\/uploads\\\/2025\\\/01\\\/Logo-2025.png\",\"datePublished\":\"2024-11-23T11:35:09+00:00\",\"dateModified\":\"2025-01-28T12:48:37+00:00\",\"breadcrumb\":{\"@id\":\"https:\\\/\\\/garcialaw.com\\\/es\\\/#breadcrumb\"},\"inLanguage\":\"es\",\"potentialAction\":[{\"@type\":\"ReadAction\",\"target\":[\"https:\\\/\\\/garcialaw.com\\\/es\\\/\"]}]},{\"@type\":\"ImageObject\",\"inLanguage\":\"es\",\"@id\":\"https:\\\/\\\/garcialaw.com\\\/es\\\/#primaryimage\",\"url\":\"https:\\\/\\\/garcialaw.com\\\/wp-content\\\/uploads\\\/2025\\\/01\\\/Logo-2025.png\",\"contentUrl\":\"https:\\\/\\\/garcialaw.com\\\/wp-content\\\/uploads\\\/2025\\\/01\\\/Logo-2025.png\"},{\"@type\":\"BreadcrumbList\",\"@id\":\"https:\\\/\\\/garcialaw.com\\\/es\\\/#breadcrumb\",\"itemListElement\":[{\"@type\":\"ListItem\",\"position\":1,\"name\":\"Home\",\"item\":\"https:\\\/\\\/garcialaw.com\\\/es\\\/\"},{\"@type\":\"ListItem\",\"position\":2,\"name\":\"Inicio\"}]},{\"@type\":\"WebSite\",\"@id\":\"https:\\\/\\\/garcialaw.com\\\/#website\",\"url\":\"https:\\\/\\\/garcialaw.com\\\/\",\"name\":\"Israel B. Garc\u00eda, Jr.\",\"description\":\"Attorney \\\/ Abogado  Former Judge 2020-2024\",\"potentialAction\":[{\"@type\":\"SearchAction\",\"target\":{\"@type\":\"EntryPoint\",\"urlTemplate\":\"https:\\\/\\\/garcialaw.com\\\/?s={search_term_string}\"},\"query-input\":{\"@type\":\"PropertyValueSpecification\",\"valueRequired\":true,\"valueName\":\"search_term_string\"}}],\"inLanguage\":\"es\"}]}<\/script>\n<!-- \/ Yoast SEO plugin. -->","yoast_head_json":{"title":"Israel B. Garc\u00eda, Jr. | Abogado | Ex Juez 2020-2024","robots":{"index":"index","follow":"follow","max-snippet":"max-snippet:-1","max-image-preview":"max-image-preview:large","max-video-preview":"max-video-preview:-1"},"canonical":"https:\/\/garcialaw.com\/es\/","og_locale":"es_ES","og_type":"article","og_title":"Israel B. Garc\u00eda, Jr. | Abogado | Ex Juez 2020-2024","og_description":"Israel B. Garc\u00eda, Jr. Attorney \/ Abogado Former Judge 2020-2024 El abogado Israel B. Garc\u00eda Jr. ha dedicado 32 a\u00f1os de pr\u00e1ctica a aquellos clientes que le han confiado sus problemas legales. Es el fundador y propietario de su propia firma de litigios boutique y representa a empresas en todo tipo de disputas y litigios [&hellip;]","og_url":"https:\/\/garcialaw.com\/es\/","og_site_name":"Israel B. Garc\u00eda, Jr.","article_modified_time":"2025-01-28T12:48:37+00:00","og_image":[{"width":300,"height":300,"url":"https:\/\/garcialaw.com\/wp-content\/uploads\/2025\/01\/Logo-2025.png","type":"image\/png"}],"twitter_card":"summary_large_image","twitter_misc":{"Tiempo de lectura":"3 minutos"},"schema":{"@context":"https:\/\/schema.org","@graph":[{"@type":"WebPage","@id":"https:\/\/garcialaw.com\/es\/","url":"https:\/\/garcialaw.com\/es\/","name":"Israel B. Garc\u00eda, Jr. | Abogado | Ex Juez 2020-2024","isPartOf":{"@id":"https:\/\/garcialaw.com\/#website"},"primaryImageOfPage":{"@id":"https:\/\/garcialaw.com\/es\/#primaryimage"},"image":{"@id":"https:\/\/garcialaw.com\/es\/#primaryimage"},"thumbnailUrl":"https:\/\/garcialaw.com\/wp-content\/uploads\/2025\/01\/Logo-2025.png","datePublished":"2024-11-23T11:35:09+00:00","dateModified":"2025-01-28T12:48:37+00:00","breadcrumb":{"@id":"https:\/\/garcialaw.com\/es\/#breadcrumb"},"inLanguage":"es","potentialAction":[{"@type":"ReadAction","target":["https:\/\/garcialaw.com\/es\/"]}]},{"@type":"ImageObject","inLanguage":"es","@id":"https:\/\/garcialaw.com\/es\/#primaryimage","url":"https:\/\/garcialaw.com\/wp-content\/uploads\/2025\/01\/Logo-2025.png","contentUrl":"https:\/\/garcialaw.com\/wp-content\/uploads\/2025\/01\/Logo-2025.png"},{"@type":"BreadcrumbList","@id":"https:\/\/garcialaw.com\/es\/#breadcrumb","itemListElement":[{"@type":"ListItem","position":1,"name":"Home","item":"https:\/\/garcialaw.com\/es\/"},{"@type":"ListItem","position":2,"name":"Inicio"}]},{"@type":"WebSite","@id":"https:\/\/garcialaw.com\/#website","url":"https:\/\/garcialaw.com\/","name":"Israel B. Garc\u00eda, Jr.","description":"Attorney \/ Abogado  Former Judge 2020-2024","potentialAction":[{"@type":"SearchAction","target":{"@type":"EntryPoint","urlTemplate":"https:\/\/garcialaw.com\/?s={search_term_string}"},"query-input":{"@type":"PropertyValueSpecification","valueRequired":true,"valueName":"search_term_string"}}],"inLanguage":"es"}]}},"_links":{"self":[{"href":"https:\/\/garcialaw.com\/es\/wp-json\/wp\/v2\/pages\/719","targetHints":{"allow":["GET"]}}],"collection":[{"href":"https:\/\/garcialaw.com\/es\/wp-json\/wp\/v2\/pages"}],"about":[{"href":"https:\/\/garcialaw.com\/es\/wp-json\/wp\/v2\/types\/page"}],"author":[{"embeddable":true,"href":"https:\/\/garcialaw.com\/es\/wp-json\/wp\/v2\/users\/1"}],"replies":[{"embeddable":true,"href":"https:\/\/garcialaw.com\/es\/wp-json\/wp\/v2\/comments?post=719"}],"version-history":[{"count":4,"href":"https:\/\/garcialaw.com\/es\/wp-json\/wp\/v2\/pages\/719\/revisions"}],"predecessor-version":[{"id":742,"href":"https:\/\/garcialaw.com\/es\/wp-json\/wp\/v2\/pages\/719\/revisions\/742"}],"wp:attachment":[{"href":"https:\/\/garcialaw.com\/es\/wp-json\/wp\/v2\/media?parent=719"}],"curies":[{"name":"wp","href":"https:\/\/api.w.org\/{rel}","templated":true}]}}