{"id":723,"date":"2025-01-03T17:36:18","date_gmt":"2025-01-03T17:36:18","guid":{"rendered":"https:\/\/garcialaw.com\/multas-de-transito\/"},"modified":"2025-01-28T13:03:31","modified_gmt":"2025-01-28T13:03:31","slug":"multas-de-transito","status":"publish","type":"page","link":"https:\/\/garcialaw.com\/es\/multas-de-transito\/","title":{"rendered":"Multas de Tr\u00e1nsito"},"content":{"rendered":"\t\t<div data-elementor-type=\"wp-page\" data-elementor-id=\"723\" class=\"elementor elementor-723\">\n\t\t\t\t\t\t<section class=\"elementor-section elementor-top-section elementor-element elementor-element-382ead99 elementor-section-full_width elementor-section-height-min-height elementor-section-height-default elementor-section-items-middle\" data-id=\"382ead99\" data-element_type=\"section\" data-e-type=\"section\" data-settings=\"{&quot;background_background&quot;:&quot;classic&quot;}\">\n\t\t\t\t\t\t<div class=\"elementor-container elementor-column-gap-default\">\n\t\t\t\t\t<div class=\"elementor-column elementor-col-100 elementor-top-column elementor-element elementor-element-2a1a2b66\" data-id=\"2a1a2b66\" data-element_type=\"column\" data-e-type=\"column\" data-settings=\"{&quot;background_background&quot;:&quot;classic&quot;}\">\n\t\t\t<div class=\"elementor-widget-wrap elementor-element-populated\">\n\t\t\t\t\t\t<div class=\"elementor-element elementor-element-13378ff8 animated-slow elementor-invisible elementor-widget elementor-widget-heading\" data-id=\"13378ff8\" data-element_type=\"widget\" data-e-type=\"widget\" data-settings=\"{&quot;_animation&quot;:&quot;fadeInUp&quot;}\" data-widget_type=\"heading.default\">\n\t\t\t\t<div class=\"elementor-widget-container\">\n\t\t\t\t\t<h2 class=\"elementor-heading-title elementor-size-default\">MULTAS DE TR\u00c1NSITO<\/h2>\t\t\t\t<\/div>\n\t\t\t\t<\/div>\n\t\t\t\t\t<\/div>\n\t\t<\/div>\n\t\t\t\t\t<\/div>\n\t\t<\/section>\n\t\t\t\t<section class=\"elementor-section elementor-top-section elementor-element elementor-element-3550f44a elementor-section-boxed elementor-section-height-default elementor-section-height-default\" data-id=\"3550f44a\" data-element_type=\"section\" data-e-type=\"section\" data-settings=\"{&quot;background_background&quot;:&quot;classic&quot;}\">\n\t\t\t\t\t\t<div class=\"elementor-container elementor-column-gap-default\">\n\t\t\t\t\t<div class=\"elementor-column elementor-col-100 elementor-top-column elementor-element elementor-element-4e9e60da\" data-id=\"4e9e60da\" data-element_type=\"column\" data-e-type=\"column\">\n\t\t\t<div class=\"elementor-widget-wrap elementor-element-populated\">\n\t\t\t\t\t\t<div class=\"elementor-element elementor-element-5ebdfa31 animated-slow elementor-invisible elementor-widget elementor-widget-heading\" data-id=\"5ebdfa31\" data-element_type=\"widget\" data-e-type=\"widget\" data-settings=\"{&quot;_animation&quot;:&quot;fadeInUp&quot;}\" data-widget_type=\"heading.default\">\n\t\t\t\t<div class=\"elementor-widget-container\">\n\t\t\t\t\t<h2 class=\"elementor-heading-title elementor-size-default\">Brindo una representaci\u00f3n excepcional a personas que han recibido multas y citaciones de tr\u00e1nsito en el \u00e1rea de Houston, Texas.<\/h2>\t\t\t\t<\/div>\n\t\t\t\t<\/div>\n\t\t\t\t\t<\/div>\n\t\t<\/div>\n\t\t\t\t\t<\/div>\n\t\t<\/section>\n\t\t\t\t<section class=\"elementor-section elementor-top-section elementor-element elementor-element-529d4e8d elementor-section-boxed elementor-section-height-default elementor-section-height-default\" data-id=\"529d4e8d\" data-element_type=\"section\" data-e-type=\"section\">\n\t\t\t\t\t\t<div class=\"elementor-container elementor-column-gap-default\">\n\t\t\t\t\t<div class=\"elementor-column elementor-col-100 elementor-top-column elementor-element elementor-element-1cbfb843\" data-id=\"1cbfb843\" data-element_type=\"column\" data-e-type=\"column\">\n\t\t\t<div class=\"elementor-widget-wrap elementor-element-populated\">\n\t\t\t\t\t\t<div class=\"elementor-element elementor-element-5f3dfe8a animated-slow elementor-invisible elementor-widget elementor-widget-heading\" data-id=\"5f3dfe8a\" data-element_type=\"widget\" data-e-type=\"widget\" data-settings=\"{&quot;_animation&quot;:&quot;fadeInUp&quot;}\" data-widget_type=\"heading.default\">\n\t\t\t\t<div class=\"elementor-widget-container\">\n\t\t\t\t\t<h2 class=\"elementor-heading-title elementor-size-default\">Houston es una ciudad enorme y, con la enorme extensi\u00f3n de carreteras, autopistas e interestatales, existen muchas oportunidades para que los conductores infrinjan las leyes de seguridad vial. Las multas de tr\u00e1nsito son extremadamente comunes y casi todos los conductores recibir\u00e1n al menos una multa durante su vida.<br \/> <br \/>\nAunque las infracciones de tr\u00e1nsito son delitos comunes, muchas personas no comprenden que si simplemente paga una multa, esencialmente se est\u00e1 declarando culpable de cometer una infracci\u00f3n y esto quedar\u00e1 en su historial de conducci\u00f3n. Tener infracciones de tr\u00e1nsito en su historial puede resultar en una serie de consecuencias en las que muchas personas simplemente no piensan, por lo que es importante hablar con un abogado sobre lo que debe hacer.<br \/> <br \/>\nSi ha sido acusado de una infracci\u00f3n de tr\u00e1nsito en Houston o en una de las \u00e1reas circundantes, necesita un abogado experto y con experiencia que lo ayude. Como abogado defensor de multas de tr\u00e1nsito, har\u00e9 todo lo posible para ayudarlo a superar una multa de tr\u00e1nsito. Desde el manejo del papeleo hasta la supervisi\u00f3n de las comparecencias ante el tribunal, estar\u00e9 a su lado en cada paso del camino brind\u00e1ndole asesoramiento y representaci\u00f3n legal superiores.\n\nPuedo ayudarlo con muchos tipos diferentes de infracciones de tr\u00e1nsito, incluidas las que involucran: multas por exceso de velocidad, no usar el cintur\u00f3n de seguridad, no mantener la responsabilidad financiera, pasarse una se\u00f1al de stop, no ceder el paso, infracciones en zonas escolares y cualquier otra infracci\u00f3n menor de clase C por la que se le pueda emitir una multa de tr\u00e1nsito.<br \/> <br \/>\nSin importar cu\u00e1l sea su infracci\u00f3n de tr\u00e1nsito espec\u00edfica, manejar\u00e9 el caso de la mejor manera que s\u00e9. He manejado multas de tr\u00e1nsito por no usar el cintur\u00f3n de seguridad, conducci\u00f3n descuidada, seguir demasiado de cerca a otros veh\u00edculos, infracciones en zonas escolares y no mostrar o llevar consigo el registro, el seguro o la licencia de conducir, y s\u00e9 qu\u00e9 medidas tomar para resolver estas situaciones.\nSi necesita representaci\u00f3n, debe comunicarse conmigo hoy para programar una reuni\u00f3n. Si no puede venir para una consulta personal, puedo programar una por tel\u00e9fono y manejar su multa con una tarjeta de cr\u00e9dito. Creo en manejar las infracciones de tr\u00e1nsito de manera r\u00e1pida y eficiente y har\u00e9 todo lo posible para impugnar su multa de tr\u00e1nsito para que no tenga que pagar multas ni acumular puntos en su licencia de conducir de Texas. No permitir\u00e9 que se acumulen puntos en su historial de manejo.<\/h2>\t\t\t\t<\/div>\n\t\t\t\t<\/div>\n\t\t\t\t<div class=\"elementor-element elementor-element-147e4914 elementor-widget elementor-widget-spacer\" data-id=\"147e4914\" data-element_type=\"widget\" data-e-type=\"widget\" data-widget_type=\"spacer.default\">\n\t\t\t\t<div class=\"elementor-widget-container\">\n\t\t\t\t\t\t\t<div class=\"elementor-spacer\">\n\t\t\t<div class=\"elementor-spacer-inner\"><\/div>\n\t\t<\/div>\n\t\t\t\t\t\t<\/div>\n\t\t\t\t<\/div>\n\t\t\t\t\t<\/div>\n\t\t<\/div>\n\t\t\t\t\t<\/div>\n\t\t<\/section>\n\t\t\t\t<section data-speed=\"3s\" data-background-size=\"100% 300%\" data-animation-name=\"AnimatedGradientBgUp\" data-angle=\"0deg\" data-color=\"#FF0000,#740202,#FF0000,#740202\" class=\"elementor-section elementor-top-section elementor-element elementor-element-2bc65e19 raven-animated-gradient-yes elementor-section-boxed elementor-section-height-default elementor-section-height-default\" data-id=\"2bc65e19\" data-element_type=\"section\" data-e-type=\"section\" data-settings=\"{&quot;background_background&quot;:&quot;classic&quot;}\">\n\t\t\t\t\t\t<div class=\"elementor-container elementor-column-gap-default\">\n\t\t\t\t\t<div class=\"elementor-column elementor-col-100 elementor-top-column elementor-element elementor-element-50c4e85\" data-id=\"50c4e85\" data-element_type=\"column\" data-e-type=\"column\">\n\t\t\t<div class=\"elementor-widget-wrap elementor-element-populated\">\n\t\t\t\t\t\t<div class=\"elementor-element elementor-element-13a6bb43 elementor-widget elementor-widget-spacer\" data-id=\"13a6bb43\" data-element_type=\"widget\" data-e-type=\"widget\" data-widget_type=\"spacer.default\">\n\t\t\t\t<div class=\"elementor-widget-container\">\n\t\t\t\t\t\t\t<div class=\"elementor-spacer\">\n\t\t\t<div class=\"elementor-spacer-inner\"><\/div>\n\t\t<\/div>\n\t\t\t\t\t\t<\/div>\n\t\t\t\t<\/div>\n\t\t\t\t<div class=\"elementor-element elementor-element-79d8de9f animated-slow elementor-invisible elementor-widget elementor-widget-heading\" data-id=\"79d8de9f\" data-element_type=\"widget\" data-e-type=\"widget\" data-settings=\"{&quot;_animation&quot;:&quot;fadeInUp&quot;}\" data-widget_type=\"heading.default\">\n\t\t\t\t<div class=\"elementor-widget-container\">\n\t\t\t\t\t<h2 class=\"elementor-heading-title elementor-size-default\">LLAME AHORA 281.743.3763<\/h2>\t\t\t\t<\/div>\n\t\t\t\t<\/div>\n\t\t\t\t<div class=\"elementor-element elementor-element-29c9d73d elementor-widget elementor-widget-spacer\" data-id=\"29c9d73d\" data-element_type=\"widget\" data-e-type=\"widget\" data-widget_type=\"spacer.default\">\n\t\t\t\t<div class=\"elementor-widget-container\">\n\t\t\t\t\t\t\t<div class=\"elementor-spacer\">\n\t\t\t<div class=\"elementor-spacer-inner\"><\/div>\n\t\t<\/div>\n\t\t\t\t\t\t<\/div>\n\t\t\t\t<\/div>\n\t\t\t\t\t<\/div>\n\t\t<\/div>\n\t\t\t\t\t<\/div>\n\t\t<\/section>\n\t\t\t\t<\/div>\n\t\t","protected":false},"excerpt":{"rendered":"<p>MULTAS DE TR\u00c1NSITO Brindo una representaci\u00f3n excepcional a personas que han recibido multas y citaciones de tr\u00e1nsito en el \u00e1rea de Houston, Texas. Houston es una ciudad enorme y, con la enorme extensi\u00f3n de carreteras, autopistas e interestatales, existen muchas oportunidades para que los conductores infrinjan las leyes de seguridad vial. Las multas de tr\u00e1nsito [&hellip;]<\/p>\n","protected":false},"author":1,"featured_media":0,"parent":0,"menu_order":0,"comment_status":"closed","ping_status":"closed","template":"elementor_header_footer","meta":{"_acf_changed":false,"footnotes":""},"class_list":["post-723","page","type-page","status-publish","hentry"],"acf":[],"yoast_head":"<!-- This site is optimized with the Yoast SEO plugin v27.4 - https:\/\/yoast.com\/product\/yoast-seo-wordpress\/ -->\n<title>Multas de Tr\u00e1nsito - Israel B. Garc\u00eda, Jr.<\/title>\n<meta name=\"robots\" content=\"index, follow, max-snippet:-1, max-image-preview:large, max-video-preview:-1\" \/>\n<link rel=\"canonical\" href=\"https:\/\/garcialaw.com\/es\/multas-de-transito\/\" \/>\n<meta property=\"og:locale\" content=\"es_ES\" \/>\n<meta property=\"og:type\" content=\"article\" \/>\n<meta property=\"og:title\" content=\"Multas de Tr\u00e1nsito - Israel B. Garc\u00eda, Jr.\" \/>\n<meta property=\"og:description\" content=\"MULTAS DE TR\u00c1NSITO Brindo una representaci\u00f3n excepcional a personas que han recibido multas y citaciones de tr\u00e1nsito en el \u00e1rea de Houston, Texas. Houston es una ciudad enorme y, con la enorme extensi\u00f3n de carreteras, autopistas e interestatales, existen muchas oportunidades para que los conductores infrinjan las leyes de seguridad vial. Las multas de tr\u00e1nsito [&hellip;]\" \/>\n<meta property=\"og:url\" content=\"https:\/\/garcialaw.com\/es\/multas-de-transito\/\" \/>\n<meta property=\"og:site_name\" content=\"Israel B. Garc\u00eda, Jr.\" \/>\n<meta property=\"article:modified_time\" content=\"2025-01-28T13:03:31+00:00\" \/>\n<meta name=\"twitter:card\" content=\"summary_large_image\" \/>\n<meta name=\"twitter:label1\" content=\"Tiempo de lectura\" \/>\n\t<meta name=\"twitter:data1\" content=\"2 minutos\" \/>\n<script type=\"application\/ld+json\" class=\"yoast-schema-graph\">{\"@context\":\"https:\\\/\\\/schema.org\",\"@graph\":[{\"@type\":\"WebPage\",\"@id\":\"https:\\\/\\\/garcialaw.com\\\/es\\\/multas-de-transito\\\/\",\"url\":\"https:\\\/\\\/garcialaw.com\\\/es\\\/multas-de-transito\\\/\",\"name\":\"Multas de Tr\u00e1nsito - Israel B. Garc\u00eda, Jr.\",\"isPartOf\":{\"@id\":\"https:\\\/\\\/garcialaw.com\\\/#website\"},\"datePublished\":\"2025-01-03T17:36:18+00:00\",\"dateModified\":\"2025-01-28T13:03:31+00:00\",\"breadcrumb\":{\"@id\":\"https:\\\/\\\/garcialaw.com\\\/es\\\/multas-de-transito\\\/#breadcrumb\"},\"inLanguage\":\"es\",\"potentialAction\":[{\"@type\":\"ReadAction\",\"target\":[\"https:\\\/\\\/garcialaw.com\\\/es\\\/multas-de-transito\\\/\"]}]},{\"@type\":\"BreadcrumbList\",\"@id\":\"https:\\\/\\\/garcialaw.com\\\/es\\\/multas-de-transito\\\/#breadcrumb\",\"itemListElement\":[{\"@type\":\"ListItem\",\"position\":1,\"name\":\"Home\",\"item\":\"https:\\\/\\\/garcialaw.com\\\/es\\\/\"},{\"@type\":\"ListItem\",\"position\":2,\"name\":\"Multas de Tr\u00e1nsito\"}]},{\"@type\":\"WebSite\",\"@id\":\"https:\\\/\\\/garcialaw.com\\\/#website\",\"url\":\"https:\\\/\\\/garcialaw.com\\\/\",\"name\":\"Israel B. Garc\u00eda, Jr.\",\"description\":\"Attorney \\\/ Abogado  Former Judge 2020-2024\",\"potentialAction\":[{\"@type\":\"SearchAction\",\"target\":{\"@type\":\"EntryPoint\",\"urlTemplate\":\"https:\\\/\\\/garcialaw.com\\\/?s={search_term_string}\"},\"query-input\":{\"@type\":\"PropertyValueSpecification\",\"valueRequired\":true,\"valueName\":\"search_term_string\"}}],\"inLanguage\":\"es\"}]}<\/script>\n<!-- \/ Yoast SEO plugin. -->","yoast_head_json":{"title":"Multas de Tr\u00e1nsito - Israel B. Garc\u00eda, Jr.","robots":{"index":"index","follow":"follow","max-snippet":"max-snippet:-1","max-image-preview":"max-image-preview:large","max-video-preview":"max-video-preview:-1"},"canonical":"https:\/\/garcialaw.com\/es\/multas-de-transito\/","og_locale":"es_ES","og_type":"article","og_title":"Multas de Tr\u00e1nsito - Israel B. Garc\u00eda, Jr.","og_description":"MULTAS DE TR\u00c1NSITO Brindo una representaci\u00f3n excepcional a personas que han recibido multas y citaciones de tr\u00e1nsito en el \u00e1rea de Houston, Texas. Houston es una ciudad enorme y, con la enorme extensi\u00f3n de carreteras, autopistas e interestatales, existen muchas oportunidades para que los conductores infrinjan las leyes de seguridad vial. Las multas de tr\u00e1nsito [&hellip;]","og_url":"https:\/\/garcialaw.com\/es\/multas-de-transito\/","og_site_name":"Israel B. Garc\u00eda, Jr.","article_modified_time":"2025-01-28T13:03:31+00:00","twitter_card":"summary_large_image","twitter_misc":{"Tiempo de lectura":"2 minutos"},"schema":{"@context":"https:\/\/schema.org","@graph":[{"@type":"WebPage","@id":"https:\/\/garcialaw.com\/es\/multas-de-transito\/","url":"https:\/\/garcialaw.com\/es\/multas-de-transito\/","name":"Multas de Tr\u00e1nsito - Israel B. Garc\u00eda, Jr.","isPartOf":{"@id":"https:\/\/garcialaw.com\/#website"},"datePublished":"2025-01-03T17:36:18+00:00","dateModified":"2025-01-28T13:03:31+00:00","breadcrumb":{"@id":"https:\/\/garcialaw.com\/es\/multas-de-transito\/#breadcrumb"},"inLanguage":"es","potentialAction":[{"@type":"ReadAction","target":["https:\/\/garcialaw.com\/es\/multas-de-transito\/"]}]},{"@type":"BreadcrumbList","@id":"https:\/\/garcialaw.com\/es\/multas-de-transito\/#breadcrumb","itemListElement":[{"@type":"ListItem","position":1,"name":"Home","item":"https:\/\/garcialaw.com\/es\/"},{"@type":"ListItem","position":2,"name":"Multas de Tr\u00e1nsito"}]},{"@type":"WebSite","@id":"https:\/\/garcialaw.com\/#website","url":"https:\/\/garcialaw.com\/","name":"Israel B. Garc\u00eda, Jr.","description":"Attorney \/ Abogado  Former Judge 2020-2024","potentialAction":[{"@type":"SearchAction","target":{"@type":"EntryPoint","urlTemplate":"https:\/\/garcialaw.com\/?s={search_term_string}"},"query-input":{"@type":"PropertyValueSpecification","valueRequired":true,"valueName":"search_term_string"}}],"inLanguage":"es"}]}},"_links":{"self":[{"href":"https:\/\/garcialaw.com\/es\/wp-json\/wp\/v2\/pages\/723","targetHints":{"allow":["GET"]}}],"collection":[{"href":"https:\/\/garcialaw.com\/es\/wp-json\/wp\/v2\/pages"}],"about":[{"href":"https:\/\/garcialaw.com\/es\/wp-json\/wp\/v2\/types\/page"}],"author":[{"embeddable":true,"href":"https:\/\/garcialaw.com\/es\/wp-json\/wp\/v2\/users\/1"}],"replies":[{"embeddable":true,"href":"https:\/\/garcialaw.com\/es\/wp-json\/wp\/v2\/comments?post=723"}],"version-history":[{"count":3,"href":"https:\/\/garcialaw.com\/es\/wp-json\/wp\/v2\/pages\/723\/revisions"}],"predecessor-version":[{"id":748,"href":"https:\/\/garcialaw.com\/es\/wp-json\/wp\/v2\/pages\/723\/revisions\/748"}],"wp:attachment":[{"href":"https:\/\/garcialaw.com\/es\/wp-json\/wp\/v2\/media?parent=723"}],"curies":[{"name":"wp","href":"https:\/\/api.w.org\/{rel}","templated":true}]}}